{"id":385,"date":"2025-09-18T00:41:01","date_gmt":"2025-09-17T22:41:01","guid":{"rendered":"https:\/\/groupreservation.switzerlan.ch\/?page_id=385"},"modified":"2025-09-18T00:46:52","modified_gmt":"2025-09-17T22:46:52","slug":"seats-transferred","status":"publish","type":"page","link":"https:\/\/groupreservation.switzerlan.ch\/de\/seats-transferred\/","title":{"rendered":"Reservierte Pl\u00e4tze \u00fcbertragen"},"content":{"rendered":"<p>Erh\u00e4lt deine Reservation den Status \u201cSitzpl\u00e4tze transferiert\u201d bedeutet dies, dass du als Gruppenverantwortlicher alle Sitzplatzreservationen auf deinem Account hast. Du musst nun diese an deine Gruppenmitglieder verteilen.<\/p>\n\n\n\n<div style=\"height:10px\" aria-hidden=\"true\" class=\"wp-block-spacer\"><\/div>\n\n\n\n<p><em>Sobald du die zweitletzte Sitzplatzreservation \u00fcbertragen hast, wird der letzte reservierte Platz automatisch deiner.<\/em><\/p>\n\n\n\n<div style=\"height:40px\" aria-hidden=\"true\" class=\"wp-block-spacer\"><\/div>\n\n\n\n<hr class=\"wp-block-separator has-alpha-channel-opacity\"\/>\n\n\n\n<div style=\"height:20px\" aria-hidden=\"true\" class=\"wp-block-spacer\"><\/div>\n\n\n\n<h2 class=\"wp-block-heading\">Anleitung Reservierte Pl\u00e4tze \u00fcbertragen:<\/h2>\n\n\n\n<div style=\"height:30px\" aria-hidden=\"true\" class=\"wp-block-spacer\"><\/div>\n\n\n\n<div class=\"wp-block-media-text has-media-on-the-right is-stacked-on-mobile\" style=\"grid-template-columns:auto 40%\"><div class=\"wp-block-media-text__content\">\n<p><strong>1. Zugewiesen Pl\u00e4tze finden<\/strong><br>Die reservierten Pl\u00e4tze, welche dir zugewiesen wurden, werden mit einem Kreis und einem innenliegendem Kreuz markiert (siehe im Bild rechts oben).<\/p>\n<\/div><figure class=\"wp-block-media-text__media\"><img loading=\"lazy\" decoding=\"async\" width=\"466\" height=\"316\" src=\"https:\/\/groupreservation.switzerlan.ch\/wp-content\/uploads\/2025\/09\/1.png\" alt=\"\" class=\"wp-image-349 size-full\" srcset=\"https:\/\/groupreservation.switzerlan.ch\/wp-content\/uploads\/2025\/09\/1.png 466w, https:\/\/groupreservation.switzerlan.ch\/wp-content\/uploads\/2025\/09\/1-300x203.png 300w, https:\/\/groupreservation.switzerlan.ch\/wp-content\/uploads\/2025\/09\/1-18x12.png 18w\" sizes=\"auto, (max-width: 466px) 100vw, 466px\" \/><\/figure><\/div>\n\n\n\n<div style=\"height:10px\" aria-hidden=\"true\" class=\"wp-block-spacer\"><\/div>\n\n\n\n<hr class=\"wp-block-separator has-alpha-channel-opacity\"\/>\n\n\n\n<div style=\"height:10px\" aria-hidden=\"true\" class=\"wp-block-spacer\"><\/div>\n\n\n\n<div class=\"wp-block-media-text has-media-on-the-right is-stacked-on-mobile\" style=\"grid-template-columns:auto 40%\"><div class=\"wp-block-media-text__content\">\n<p><strong>2. Platz ausw\u00e4hlen<\/strong><br>Mit Linksklick kann ein Platz ausgew\u00e4hlt werden.<\/p>\n<\/div><figure class=\"wp-block-media-text__media\"><img loading=\"lazy\" decoding=\"async\" width=\"466\" height=\"409\" src=\"https:\/\/groupreservation.switzerlan.ch\/wp-content\/uploads\/2025\/09\/2.png\" alt=\"\" class=\"wp-image-351 size-full\" srcset=\"https:\/\/groupreservation.switzerlan.ch\/wp-content\/uploads\/2025\/09\/2.png 466w, https:\/\/groupreservation.switzerlan.ch\/wp-content\/uploads\/2025\/09\/2-300x263.png 300w, https:\/\/groupreservation.switzerlan.ch\/wp-content\/uploads\/2025\/09\/2-14x12.png 14w\" sizes=\"auto, (max-width: 466px) 100vw, 466px\" \/><\/figure><\/div>\n\n\n\n<div style=\"height:10px\" aria-hidden=\"true\" class=\"wp-block-spacer\"><\/div>\n\n\n\n<hr class=\"wp-block-separator has-alpha-channel-opacity\"\/>\n\n\n\n<div style=\"height:10px\" aria-hidden=\"true\" class=\"wp-block-spacer\"><\/div>\n\n\n\n<div class=\"wp-block-media-text has-media-on-the-right is-stacked-on-mobile\" style=\"grid-template-columns:auto 40%\"><div class=\"wp-block-media-text__content\">\n<p><strong>3. Platzoptionen<\/strong><br>Es \u00f6ffnet sich ein zweites Fenster. Auf \u201cSend Seat to User\u201d klicken.<\/p>\n<\/div><figure class=\"wp-block-media-text__media\"><img loading=\"lazy\" decoding=\"async\" width=\"551\" height=\"457\" src=\"https:\/\/groupreservation.switzerlan.ch\/wp-content\/uploads\/2025\/09\/3-1.png\" alt=\"\" class=\"wp-image-354 size-full\" srcset=\"https:\/\/groupreservation.switzerlan.ch\/wp-content\/uploads\/2025\/09\/3-1.png 551w, https:\/\/groupreservation.switzerlan.ch\/wp-content\/uploads\/2025\/09\/3-1-300x249.png 300w, https:\/\/groupreservation.switzerlan.ch\/wp-content\/uploads\/2025\/09\/3-1-14x12.png 14w\" sizes=\"auto, (max-width: 551px) 100vw, 551px\" \/><\/figure><\/div>\n\n\n\n<div style=\"height:10px\" aria-hidden=\"true\" class=\"wp-block-spacer\"><\/div>\n\n\n\n<hr class=\"wp-block-separator has-alpha-channel-opacity\"\/>\n\n\n\n<div style=\"height:10px\" aria-hidden=\"true\" class=\"wp-block-spacer\"><\/div>\n\n\n\n<div class=\"wp-block-media-text has-media-on-the-right is-stacked-on-mobile\" style=\"grid-template-columns:auto 40%\"><div class=\"wp-block-media-text__content\">\n<p><strong>4. Aktuelle Zuweisung l\u00f6schen<\/strong><br>Mit klicke auf das \u201cx\u201d um die aktuelle Zuweisung zu l\u00f6schen und das Suchfeld zu leeren.<br><\/p>\n<\/div><figure class=\"wp-block-media-text__media\"><img loading=\"lazy\" decoding=\"async\" width=\"844\" height=\"607\" src=\"https:\/\/groupreservation.switzerlan.ch\/wp-content\/uploads\/2025\/09\/4-1.png\" alt=\"\" class=\"wp-image-355 size-full\" srcset=\"https:\/\/groupreservation.switzerlan.ch\/wp-content\/uploads\/2025\/09\/4-1.png 844w, https:\/\/groupreservation.switzerlan.ch\/wp-content\/uploads\/2025\/09\/4-1-300x216.png 300w, https:\/\/groupreservation.switzerlan.ch\/wp-content\/uploads\/2025\/09\/4-1-768x552.png 768w, https:\/\/groupreservation.switzerlan.ch\/wp-content\/uploads\/2025\/09\/4-1-18x12.png 18w\" sizes=\"auto, (max-width: 844px) 100vw, 844px\" \/><\/figure><\/div>\n\n\n\n<div style=\"height:10px\" aria-hidden=\"true\" class=\"wp-block-spacer\"><\/div>\n\n\n\n<hr class=\"wp-block-separator has-alpha-channel-opacity\"\/>\n\n\n\n<div style=\"height:10px\" aria-hidden=\"true\" class=\"wp-block-spacer\"><\/div>\n\n\n\n<div class=\"wp-block-media-text has-media-on-the-right is-stacked-on-mobile\" style=\"grid-template-columns:auto 40%\"><div class=\"wp-block-media-text__content\">\n<p><strong>5. Gruppenmitglied suchen<\/strong><br>Im Suchfeld den <strong>Nick <\/strong>oder <strong>ID <\/strong>des Gruppenmitgliedes eingeben und mit \u201cSearch\u201d suchen.<br><\/p>\n<\/div><figure class=\"wp-block-media-text__media\"><img loading=\"lazy\" decoding=\"async\" width=\"844\" height=\"599\" src=\"https:\/\/groupreservation.switzerlan.ch\/wp-content\/uploads\/2025\/09\/5.png\" alt=\"\" class=\"wp-image-356 size-full\" srcset=\"https:\/\/groupreservation.switzerlan.ch\/wp-content\/uploads\/2025\/09\/5.png 844w, https:\/\/groupreservation.switzerlan.ch\/wp-content\/uploads\/2025\/09\/5-300x213.png 300w, https:\/\/groupreservation.switzerlan.ch\/wp-content\/uploads\/2025\/09\/5-768x545.png 768w, https:\/\/groupreservation.switzerlan.ch\/wp-content\/uploads\/2025\/09\/5-18x12.png 18w\" sizes=\"auto, (max-width: 844px) 100vw, 844px\" \/><\/figure><\/div>\n\n\n\n<div style=\"height:10px\" aria-hidden=\"true\" class=\"wp-block-spacer\"><\/div>\n\n\n\n<hr class=\"wp-block-separator has-alpha-channel-opacity\"\/>\n\n\n\n<div style=\"height:10px\" aria-hidden=\"true\" class=\"wp-block-spacer\"><\/div>\n\n\n\n<div class=\"wp-block-media-text has-media-on-the-right is-stacked-on-mobile\" style=\"grid-template-columns:auto 40%\"><div class=\"wp-block-media-text__content\">\n<p><strong>6. Platz zuweisen<\/strong><br>Ist das Mitgleid gefunden, kann die Zuweisung mit \u201cSend Seat\u201d best\u00e4tigt werden.<\/p>\n\n\n\n<p><em>zugewiesene Pl\u00e4tze k\u00f6nnen nicht mehr zur\u00fcckgezogen oder verwaltet werden!<\/em><\/p>\n<\/div><figure class=\"wp-block-media-text__media\"><img loading=\"lazy\" decoding=\"async\" width=\"844\" height=\"602\" src=\"https:\/\/groupreservation.switzerlan.ch\/wp-content\/uploads\/2025\/09\/6.png\" alt=\"\" class=\"wp-image-357 size-full\" srcset=\"https:\/\/groupreservation.switzerlan.ch\/wp-content\/uploads\/2025\/09\/6.png 844w, https:\/\/groupreservation.switzerlan.ch\/wp-content\/uploads\/2025\/09\/6-300x214.png 300w, https:\/\/groupreservation.switzerlan.ch\/wp-content\/uploads\/2025\/09\/6-768x548.png 768w, https:\/\/groupreservation.switzerlan.ch\/wp-content\/uploads\/2025\/09\/6-18x12.png 18w\" sizes=\"auto, (max-width: 844px) 100vw, 844px\" \/><\/figure><\/div>\n\n\n\n<div style=\"height:10px\" aria-hidden=\"true\" class=\"wp-block-spacer\"><\/div>\n\n\n\n<hr class=\"wp-block-separator has-alpha-channel-opacity\"\/>\n\n\n\n<div style=\"height:10px\" aria-hidden=\"true\" class=\"wp-block-spacer\"><\/div>\n\n\n\n<div class=\"wp-block-media-text has-media-on-the-right is-stacked-on-mobile\" style=\"grid-template-columns:auto 40%\"><div class=\"wp-block-media-text__content\">\n<p><strong>7. Best\u00e4tigung<\/strong><br>War die Zuweisung erfolgreich, wird diese Nachricht angezeigt und es kann mit \u201cClose Window\u201d das Fenster geschlossen werden.<\/p>\n<\/div><figure class=\"wp-block-media-text__media\"><img loading=\"lazy\" decoding=\"async\" width=\"549\" height=\"318\" src=\"https:\/\/groupreservation.switzerlan.ch\/wp-content\/uploads\/2025\/09\/7.png\" alt=\"\" class=\"wp-image-358 size-full\" srcset=\"https:\/\/groupreservation.switzerlan.ch\/wp-content\/uploads\/2025\/09\/7.png 549w, https:\/\/groupreservation.switzerlan.ch\/wp-content\/uploads\/2025\/09\/7-300x174.png 300w, https:\/\/groupreservation.switzerlan.ch\/wp-content\/uploads\/2025\/09\/7-18x10.png 18w\" sizes=\"auto, (max-width: 549px) 100vw, 549px\" \/><\/figure><\/div>\n\n\n\n<div style=\"height:10px\" aria-hidden=\"true\" class=\"wp-block-spacer\"><\/div>\n\n\n\n<hr class=\"wp-block-separator has-alpha-channel-opacity\"\/>\n\n\n\n<div style=\"height:10px\" aria-hidden=\"true\" class=\"wp-block-spacer\"><\/div>\n\n\n\n<div class=\"wp-block-media-text has-media-on-the-right is-stacked-on-mobile\" style=\"grid-template-columns:auto 40%\"><div class=\"wp-block-media-text__content\">\n<p><strong>8. Kontrolle Sitzplan<\/strong><br>Auf dem Sitzplan wird nun der zugewiesene Platz nicht mehr als eigener Platz angezeigt, der Kreis mit innenliegendem Kreuz wird nicht mehr angezeigt.<\/p>\n<\/div><figure class=\"wp-block-media-text__media\"><img loading=\"lazy\" decoding=\"async\" width=\"490\" height=\"399\" src=\"https:\/\/groupreservation.switzerlan.ch\/wp-content\/uploads\/2025\/09\/8.png\" alt=\"\" class=\"wp-image-359 size-full\" srcset=\"https:\/\/groupreservation.switzerlan.ch\/wp-content\/uploads\/2025\/09\/8.png 490w, https:\/\/groupreservation.switzerlan.ch\/wp-content\/uploads\/2025\/09\/8-300x244.png 300w, https:\/\/groupreservation.switzerlan.ch\/wp-content\/uploads\/2025\/09\/8-15x12.png 15w\" sizes=\"auto, (max-width: 490px) 100vw, 490px\" \/><\/figure><\/div>\n\n\n\n<div style=\"height:10px\" aria-hidden=\"true\" class=\"wp-block-spacer\"><\/div>\n\n\n\n<hr class=\"wp-block-separator has-alpha-channel-opacity\"\/>\n\n\n\n<div style=\"height:10px\" aria-hidden=\"true\" class=\"wp-block-spacer\"><\/div>\n\n\n\n<div class=\"wp-block-media-text has-media-on-the-right is-stacked-on-mobile\" style=\"grid-template-columns:auto 40%\"><div class=\"wp-block-media-text__content\">\n<p><strong>9. Restliche Pl\u00e4tze<\/strong><br>Schritt 2. bis 7. wiederholen und alle Sitzpl\u00e4tze an die Gruppenmitglieder verteilen, bis nur noch zwei Pl\u00e4tze \u00fcbrig sind.<\/p>\n<\/div><figure class=\"wp-block-media-text__media\"><img loading=\"lazy\" decoding=\"async\" width=\"424\" height=\"324\" src=\"https:\/\/groupreservation.switzerlan.ch\/wp-content\/uploads\/2025\/09\/9.png\" alt=\"\" class=\"wp-image-360 size-full\" srcset=\"https:\/\/groupreservation.switzerlan.ch\/wp-content\/uploads\/2025\/09\/9.png 424w, https:\/\/groupreservation.switzerlan.ch\/wp-content\/uploads\/2025\/09\/9-300x229.png 300w, https:\/\/groupreservation.switzerlan.ch\/wp-content\/uploads\/2025\/09\/9-16x12.png 16w\" sizes=\"auto, (max-width: 424px) 100vw, 424px\" \/><\/figure><\/div>\n\n\n\n<div style=\"height:10px\" aria-hidden=\"true\" class=\"wp-block-spacer\"><\/div>\n\n\n\n<hr class=\"wp-block-separator has-alpha-channel-opacity\"\/>\n\n\n\n<div style=\"height:10px\" aria-hidden=\"true\" class=\"wp-block-spacer\"><\/div>\n\n\n\n<div class=\"wp-block-media-text has-media-on-the-right is-stacked-on-mobile\" style=\"grid-template-columns:auto 40%\"><div class=\"wp-block-media-text__content\">\n<p><strong>10. Eigener Platz<\/strong><br>Wird der zweitletzte Platz einem Gruppenmitglied zugewiesen, so wird der letzte Platz vom System automatisch als eigener zugewiesen, eine Zuweisung an sich selbst ist nicht n\u00f6tig.<\/p>\n<\/div><figure class=\"wp-block-media-text__media\"><img loading=\"lazy\" decoding=\"async\" width=\"489\" height=\"313\" src=\"https:\/\/groupreservation.switzerlan.ch\/wp-content\/uploads\/2025\/09\/10.png\" alt=\"\" class=\"wp-image-361 size-full\" srcset=\"https:\/\/groupreservation.switzerlan.ch\/wp-content\/uploads\/2025\/09\/10.png 489w, https:\/\/groupreservation.switzerlan.ch\/wp-content\/uploads\/2025\/09\/10-300x192.png 300w, https:\/\/groupreservation.switzerlan.ch\/wp-content\/uploads\/2025\/09\/10-18x12.png 18w\" sizes=\"auto, (max-width: 489px) 100vw, 489px\" \/><\/figure><\/div>\n\n\n\n<div style=\"height:10px\" aria-hidden=\"true\" class=\"wp-block-spacer\"><\/div>\n\n\n\n<hr class=\"wp-block-separator has-alpha-channel-opacity\"\/>\n\n\n\n<div style=\"height:30px\" aria-hidden=\"true\" class=\"wp-block-spacer\"><\/div>\n\n\n\n<p class=\"has-text-align-center\"><strong>Gl\u00fcckwunsch, du hast alle Platze verteilt, wir w\u00fcnschen eine gute LAN. GG HF! <\/strong><\/p>","protected":false},"excerpt":{"rendered":"<p>If your reservation receives the status &#8220;Transfer seat reservations&#8221;, this means that as the person responsible for the group, you have all seat reservations in your account. You must now distribute these to your group members. As soon as you have transferred the second to last seat reservation, the last reserved seat will automatically become [&hellip;]<\/p>","protected":false},"author":1,"featured_media":0,"parent":0,"menu_order":0,"comment_status":"closed","ping_status":"closed","template":"page-info.php","meta":{"footnotes":""},"class_list":["post-385","page","type-page","status-publish","hentry"],"_links":{"self":[{"href":"https:\/\/groupreservation.switzerlan.ch\/de\/wp-json\/wp\/v2\/pages\/385","targetHints":{"allow":["GET"]}}],"collection":[{"href":"https:\/\/groupreservation.switzerlan.ch\/de\/wp-json\/wp\/v2\/pages"}],"about":[{"href":"https:\/\/groupreservation.switzerlan.ch\/de\/wp-json\/wp\/v2\/types\/page"}],"author":[{"embeddable":true,"href":"https:\/\/groupreservation.switzerlan.ch\/de\/wp-json\/wp\/v2\/users\/1"}],"replies":[{"embeddable":true,"href":"https:\/\/groupreservation.switzerlan.ch\/de\/wp-json\/wp\/v2\/comments?post=385"}],"version-history":[{"count":8,"href":"https:\/\/groupreservation.switzerlan.ch\/de\/wp-json\/wp\/v2\/pages\/385\/revisions"}],"predecessor-version":[{"id":394,"href":"https:\/\/groupreservation.switzerlan.ch\/de\/wp-json\/wp\/v2\/pages\/385\/revisions\/394"}],"wp:attachment":[{"href":"https:\/\/groupreservation.switzerlan.ch\/de\/wp-json\/wp\/v2\/media?parent=385"}],"curies":[{"name":"wp","href":"https:\/\/api.w.org\/{rel}","templated":true}]}}